{"id":3764,"date":"2024-01-03T15:22:08","date_gmt":"2024-01-03T15:22:08","guid":{"rendered":"https:\/\/www.projetos.unijui.edu.br\/zonacriativa\/?page_id=3764"},"modified":"2024-01-03T15:45:18","modified_gmt":"2024-01-03T15:45:18","slug":"fotos","status":"publish","type":"page","link":"https:\/\/www.projetos.unijui.edu.br\/zonacriativa\/fotos\/","title":{"rendered":"Fotos"},"content":{"rendered":"<p>[et_pb_section fb_built=&#8221;1&#8243; theme_builder_area=&#8221;post_content&#8221; _builder_version=&#8221;4.20.2&#8243; _module_preset=&#8221;default&#8221;][et_pb_row _builder_version=&#8221;4.20.2&#8243; _module_preset=&#8221;default&#8221; theme_builder_area=&#8221;post_content&#8221;][et_pb_column _builder_version=&#8221;4.20.2&#8243; _module_preset=&#8221;default&#8221; type=&#8221;4_4&#8243; theme_builder_area=&#8221;post_content&#8221;][et_pb_text module_class=&#8221;titulomapa&#8221; _builder_version=&#8221;4.20.2&#8243; _module_preset=&#8221;default&#8221; header_font=&#8221;Roboto|700||on|||||&#8221; header_text_align=&#8221;center&#8221; header_text_color=&#8221;#e61068&#8243; header_font_size=&#8221;41px&#8221; hover_enabled=&#8221;0&#8243; global_colors_info=&#8221;{}&#8221; theme_builder_area=&#8221;post_content&#8221; sticky_enabled=&#8221;0&#8243;]<\/p>\n<h1><img decoding=\"async\" src=\"https:\/\/www.projetos.unijui.edu.br\/zonacriativa\/wp-content\/uploads\/2023\/05\/iconeee-129x150.png\" width=\"57\" height=\"60\" alt=\"\" class=\"wp-image-2368 alignnone size-thumbnail\" \/>Fotos<\/h1>\n<p>[\/et_pb_text][\/et_pb_column][\/et_pb_row][et_pb_row _builder_version=&#8221;4.20.2&#8243; _module_preset=&#8221;default&#8221; theme_builder_area=&#8221;post_content&#8221; column_structure=&#8221;1_2,1_2&#8243; custom_padding=&#8221;||11px|||&#8221;][et_pb_column _builder_version=&#8221;4.20.2&#8243; _module_preset=&#8221;default&#8221; type=&#8221;1_2&#8243; theme_builder_area=&#8221;post_content&#8221;][et_pb_text _builder_version=&#8221;4.20.2&#8243; _module_preset=&#8221;default&#8221; theme_builder_area=&#8221;post_content&#8221; hover_enabled=&#8221;0&#8243; sticky_enabled=&#8221;0&#8243;]<a data-flickr-embed=\"true\" href=\"https:\/\/www.flickr.com\/photos\/195367760@N05\/albums\/72177720313189931\" title=\"18\/11 - Festival\"><img decoding=\"async\" src=\"https:\/\/live.staticflickr.com\/65535\/53380105854_5975482d5f.jpg\" width=\"640\" height=\"480\" alt=\"18\/11 - Festival\"\/><\/a><script async src=\"\/\/embedr.flickr.com\/assets\/client-code.js\" charset=\"utf-8\"><\/script>[\/et_pb_text][\/et_pb_column][et_pb_column _builder_version=&#8221;4.20.2&#8243; _module_preset=&#8221;default&#8221; type=&#8221;1_2&#8243; theme_builder_area=&#8221;post_content&#8221;][et_pb_text _builder_version=&#8221;4.20.2&#8243; _module_preset=&#8221;default&#8221; theme_builder_area=&#8221;post_content&#8221; hover_enabled=&#8221;0&#8243; sticky_enabled=&#8221;0&#8243;]<a data-flickr-embed=\"true\" href=\"https:\/\/www.flickr.com\/photos\/195367760@N05\/albums\/72177720313189656\" title=\"17\/11 - Festival\"><img decoding=\"async\" src=\"https:\/\/live.staticflickr.com\/65535\/53380086334_3e2879996e.jpg\" width=\"640\" height=\"480\" alt=\"17\/11 - Festival\"\/><\/a><script async src=\"\/\/embedr.flickr.com\/assets\/client-code.js\" charset=\"utf-8\"><\/script>[\/et_pb_text][\/et_pb_column][\/et_pb_row][et_pb_row _builder_version=&#8221;4.20.2&#8243; _module_preset=&#8221;default&#8221; theme_builder_area=&#8221;post_content&#8221; column_structure=&#8221;1_2,1_2&#8243; custom_padding=&#8221;||11px|||&#8221;][et_pb_column _builder_version=&#8221;4.20.2&#8243; _module_preset=&#8221;default&#8221; type=&#8221;1_2&#8243; theme_builder_area=&#8221;post_content&#8221;][et_pb_text _builder_version=&#8221;4.20.2&#8243; _module_preset=&#8221;default&#8221; theme_builder_area=&#8221;post_content&#8221; hover_enabled=&#8221;0&#8243; sticky_enabled=&#8221;0&#8243;]<a data-flickr-embed=\"true\" href=\"https:\/\/www.flickr.com\/photos\/195367760@N05\/albums\/72177720313215344\" title=\"Introdu\u00e7\u00e3o ao Mundo dos Drones\"><img decoding=\"async\" src=\"https:\/\/live.staticflickr.com\/65535\/53380196130_e185951239_z.jpg\" width=\"640\" height=\"480\" alt=\"Introdu\u00e7\u00e3o ao Mundo dos Drones\"\/><\/a><script async src=\"\/\/embedr.flickr.com\/assets\/client-code.js\" charset=\"utf-8\"><\/script>[\/et_pb_text][\/et_pb_column][et_pb_column _builder_version=&#8221;4.20.2&#8243; _module_preset=&#8221;default&#8221; type=&#8221;1_2&#8243; theme_builder_area=&#8221;post_content&#8221;][et_pb_text _builder_version=&#8221;4.20.2&#8243; _module_preset=&#8221;default&#8221; theme_builder_area=&#8221;post_content&#8221; hover_enabled=&#8221;0&#8243; sticky_enabled=&#8221;0&#8243;]<a data-flickr-embed=\"true\" href=\"https:\/\/www.flickr.com\/photos\/195367760@N05\/albums\/72177720313188505\" title=\"Fabrica\u00e7\u00e3o digital - Impress\u00e3o 3D e corte Laser\"><img decoding=\"async\" src=\"https:\/\/live.staticflickr.com\/65535\/53380048719_130e231ea2_z.jpg\" width=\"640\" height=\"480\" alt=\"Fabrica\u00e7\u00e3o digital - Impress\u00e3o 3D e corte Laser\"\/><\/a><script async src=\"\/\/embedr.flickr.com\/assets\/client-code.js\" charset=\"utf-8\"><\/script>[\/et_pb_text][\/et_pb_column][\/et_pb_row][et_pb_row _builder_version=&#8221;4.20.2&#8243; _module_preset=&#8221;default&#8221; theme_builder_area=&#8221;post_content&#8221; column_structure=&#8221;1_2,1_2&#8243; custom_padding=&#8221;||11px|||&#8221;][et_pb_column _builder_version=&#8221;4.20.2&#8243; _module_preset=&#8221;default&#8221; type=&#8221;1_2&#8243; theme_builder_area=&#8221;post_content&#8221;][et_pb_text _builder_version=&#8221;4.20.2&#8243; _module_preset=&#8221;default&#8221; theme_builder_area=&#8221;post_content&#8221; hover_enabled=&#8221;0&#8243; sticky_enabled=&#8221;0&#8243;]<a data-flickr-embed=\"true\" href=\"https:\/\/www.flickr.com\/photos\/195367760@N05\/albums\/72177720313214949\" title=\"NOVAS ECONOMIAS E TERRIT\u00d3RIOS CRIATIVOS\"><img decoding=\"async\" src=\"https:\/\/live.staticflickr.com\/65535\/53380162765_b94de2f2d4_z.jpg\" width=\"640\" height=\"480\" alt=\"NOVAS ECONOMIAS E TERRIT\u00d3RIOS CRIATIVOS\"\/><\/a><script async src=\"\/\/embedr.flickr.com\/assets\/client-code.js\" charset=\"utf-8\"><\/script>[\/et_pb_text][\/et_pb_column][et_pb_column _builder_version=&#8221;4.20.2&#8243; _module_preset=&#8221;default&#8221; type=&#8221;1_2&#8243; theme_builder_area=&#8221;post_content&#8221;][et_pb_text _builder_version=&#8221;4.20.2&#8243; _module_preset=&#8221;default&#8221; theme_builder_area=&#8221;post_content&#8221; hover_enabled=&#8221;0&#8243; sticky_enabled=&#8221;0&#8243;]<a data-flickr-embed=\"true\" href=\"https:\/\/www.flickr.com\/photos\/195367760@N05\/albums\/72177720313184207\" title=\"2\u00ba dia - Gamificando meu neg\u00f3cio\"><img decoding=\"async\" src=\"https:\/\/live.staticflickr.com\/65535\/53379717663_6265917bbc_z.jpg\" width=\"640\" height=\"480\" alt=\"2\u00ba dia - Gamificando meu neg\u00f3cio\"\/><\/a><script async src=\"\/\/embedr.flickr.com\/assets\/client-code.js\" charset=\"utf-8\"><\/script>[\/et_pb_text][\/et_pb_column][\/et_pb_row][et_pb_row _builder_version=&#8221;4.20.2&#8243; _module_preset=&#8221;default&#8221; theme_builder_area=&#8221;post_content&#8221; column_structure=&#8221;1_2,1_2&#8243; custom_padding=&#8221;||11px|||&#8221;][et_pb_column _builder_version=&#8221;4.20.2&#8243; _module_preset=&#8221;default&#8221; type=&#8221;1_2&#8243; theme_builder_area=&#8221;post_content&#8221;][et_pb_text _builder_version=&#8221;4.20.2&#8243; _module_preset=&#8221;default&#8221; theme_builder_area=&#8221;post_content&#8221; hover_enabled=&#8221;0&#8243; sticky_enabled=&#8221;0&#8243;]<a data-flickr-embed=\"true\" href=\"https:\/\/www.flickr.com\/photos\/195367760@N05\/albums\/72177720313182517\" title=\"1\u00ba dia - Gamificando meu Neg\u00f3cio\"><img decoding=\"async\" src=\"https:\/\/live.staticflickr.com\/65535\/53379704693_432b0bb127_z.jpg\" width=\"640\" height=\"480\" alt=\"1\u00ba dia - Gamificando meu Neg\u00f3cio\"\/><\/a><script async src=\"\/\/embedr.flickr.com\/assets\/client-code.js\" charset=\"utf-8\"><\/script>[\/et_pb_text][\/et_pb_column][et_pb_column _builder_version=&#8221;4.20.2&#8243; _module_preset=&#8221;default&#8221; type=&#8221;1_2&#8243; theme_builder_area=&#8221;post_content&#8221;][et_pb_text _builder_version=&#8221;4.20.2&#8243; _module_preset=&#8221;default&#8221; theme_builder_area=&#8221;post_content&#8221; hover_enabled=&#8221;0&#8243; sticky_enabled=&#8221;0&#8243;]<a data-flickr-embed=\"true\" href=\"https:\/\/www.flickr.com\/photos\/195367760@N05\/albums\/72177720313212939\" title=\"2\u00ba dia - Como impulsionar seu pr\u00f3prio neg\u00f3cio \"><img decoding=\"async\" src=\"https:\/\/live.staticflickr.com\/65535\/53379828509_041dc20967_z.jpg\" width=\"640\" height=\"480\" alt=\"2\u00ba dia - Como impulsionar seu pr\u00f3prio neg\u00f3cio \"\/><\/a><script async src=\"\/\/embedr.flickr.com\/assets\/client-code.js\" charset=\"utf-8\"><\/script>[\/et_pb_text][\/et_pb_column][\/et_pb_row][et_pb_row _builder_version=&#8221;4.20.2&#8243; _module_preset=&#8221;default&#8221; theme_builder_area=&#8221;post_content&#8221; column_structure=&#8221;1_2,1_2&#8243; custom_padding=&#8221;||11px|||&#8221;][et_pb_column _builder_version=&#8221;4.20.2&#8243; _module_preset=&#8221;default&#8221; type=&#8221;1_2&#8243; theme_builder_area=&#8221;post_content&#8221;][et_pb_text _builder_version=&#8221;4.20.2&#8243; _module_preset=&#8221;default&#8221; theme_builder_area=&#8221;post_content&#8221; hover_enabled=&#8221;0&#8243; sticky_enabled=&#8221;0&#8243;]<a data-flickr-embed=\"true\" href=\"https:\/\/www.flickr.com\/photos\/195367760@N05\/albums\/72177720313186180\" title=\"1\u00ba dia - Como impulsionar seu pr\u00f3prio neg\u00f3cio \"><img decoding=\"async\" src=\"https:\/\/live.staticflickr.com\/65535\/53378580702_6b6ba3e923_z.jpg\" width=\"640\" height=\"480\" alt=\"1\u00ba dia - Como impulsionar seu pr\u00f3prio neg\u00f3cio \"\/><\/a><script async src=\"\/\/embedr.flickr.com\/assets\/client-code.js\" charset=\"utf-8\"><\/script>[\/et_pb_text][\/et_pb_column][et_pb_column _builder_version=&#8221;4.20.2&#8243; _module_preset=&#8221;default&#8221; type=&#8221;1_2&#8243; theme_builder_area=&#8221;post_content&#8221;][et_pb_text _builder_version=&#8221;4.20.2&#8243; _module_preset=&#8221;default&#8221; theme_builder_area=&#8221;post_content&#8221; hover_enabled=&#8221;0&#8243; sticky_enabled=&#8221;0&#8243;]<a data-flickr-embed=\"true\" href=\"https:\/\/www.flickr.com\/photos\/195367760@N05\/albums\/72177720313182222\" title=\"Desenvolvendo universos virtuais\"><img decoding=\"async\" src=\"https:\/\/live.staticflickr.com\/65535\/53379665058_4e9807c36d_z.jpg\" width=\"640\" height=\"480\" alt=\"Desenvolvendo universos virtuais\"\/><\/a><script async src=\"\/\/embedr.flickr.com\/assets\/client-code.js\" charset=\"utf-8\"><\/script>[\/et_pb_text][\/et_pb_column][\/et_pb_row][et_pb_row _builder_version=&#8221;4.20.2&#8243; _module_preset=&#8221;default&#8221; theme_builder_area=&#8221;post_content&#8221; column_structure=&#8221;1_2,1_2&#8243; custom_padding=&#8221;||11px|||&#8221;][et_pb_column _builder_version=&#8221;4.20.2&#8243; _module_preset=&#8221;default&#8221; type=&#8221;1_2&#8243; theme_builder_area=&#8221;post_content&#8221;][et_pb_text _builder_version=&#8221;4.20.2&#8243; _module_preset=&#8221;default&#8221; theme_builder_area=&#8221;post_content&#8221; hover_enabled=&#8221;0&#8243; sticky_enabled=&#8221;0&#8243;]<a data-flickr-embed=\"true\" href=\"https:\/\/www.flickr.com\/photos\/195367760@N05\/albums\/72177720313197143\" title=\"Metodologias Ageis\"><img decoding=\"async\" src=\"https:\/\/live.staticflickr.com\/65535\/53379911375_79203a6021_z.jpg\" width=\"640\" height=\"480\" alt=\"Metodologias Ageis\"\/><\/a><script async src=\"\/\/embedr.flickr.com\/assets\/client-code.js\" charset=\"utf-8\"><\/script>[\/et_pb_text][\/et_pb_column][et_pb_column _builder_version=&#8221;4.20.2&#8243; _module_preset=&#8221;default&#8221; type=&#8221;1_2&#8243; theme_builder_area=&#8221;post_content&#8221;][et_pb_text _builder_version=&#8221;4.20.2&#8243; _module_preset=&#8221;default&#8221; theme_builder_area=&#8221;post_content&#8221; hover_enabled=&#8221;0&#8243; sticky_enabled=&#8221;0&#8243;]<a data-flickr-embed=\"true\" href=\"https:\/\/www.flickr.com\/photos\/195367760@N05\/albums\/72177720313196858\" title=\"Projetar a marca: a realidade aumentada como m\u00eddia de engajamento\"><img decoding=\"async\" src=\"https:\/\/live.staticflickr.com\/65535\/53379451176_f7a0863aef_z.jpg\" width=\"640\" height=\"480\" alt=\"Projetar a marca: a realidade aumentada como m\u00eddia de engajamento\"\/><\/a><script async src=\"\/\/embedr.flickr.com\/assets\/client-code.js\" charset=\"utf-8\"><\/script>[\/et_pb_text][\/et_pb_column][\/et_pb_row][et_pb_row _builder_version=&#8221;4.20.2&#8243; _module_preset=&#8221;default&#8221; theme_builder_area=&#8221;post_content&#8221; column_structure=&#8221;1_2,1_2&#8243; custom_padding=&#8221;||11px|||&#8221;][et_pb_column _builder_version=&#8221;4.20.2&#8243; _module_preset=&#8221;default&#8221; type=&#8221;1_2&#8243; theme_builder_area=&#8221;post_content&#8221;][et_pb_text _builder_version=&#8221;4.20.2&#8243; _module_preset=&#8221;default&#8221; theme_builder_area=&#8221;post_content&#8221; hover_enabled=&#8221;0&#8243; sticky_enabled=&#8221;0&#8243;]<a data-flickr-embed=\"true\" href=\"https:\/\/www.flickr.com\/photos\/195367760@N05\/albums\/72177720313196773\" title=\"E se empreender for uma oportunidade massa para voc\u00ea\"><img decoding=\"async\" src=\"https:\/\/live.staticflickr.com\/65535\/53379604353_5d1908ec67_z.jpg\" width=\"640\" height=\"480\" alt=\"E se empreender for uma oportunidade massa para voc\u00ea\"\/><\/a><script async src=\"\/\/embedr.flickr.com\/assets\/client-code.js\" charset=\"utf-8\"><\/script>[\/et_pb_text][\/et_pb_column][et_pb_column _builder_version=&#8221;4.20.2&#8243; _module_preset=&#8221;default&#8221; type=&#8221;1_2&#8243; theme_builder_area=&#8221;post_content&#8221;][et_pb_text _builder_version=&#8221;4.20.2&#8243; _module_preset=&#8221;default&#8221; theme_builder_area=&#8221;post_content&#8221; hover_enabled=&#8221;0&#8243; sticky_enabled=&#8221;0&#8243;]<a data-flickr-embed=\"true\" href=\"https:\/\/www.flickr.com\/photos\/195367760@N05\/albums\/72177720313196038\" title=\"Zero To Hero - Bill Martinez\"><img decoding=\"async\" src=\"https:\/\/live.staticflickr.com\/65535\/53379362601_5406945548_z.jpg\" width=\"640\" height=\"480\" alt=\"Zero To Hero - Bill Martinez\"\/><\/a><script async src=\"\/\/embedr.flickr.com\/assets\/client-code.js\" charset=\"utf-8\"><\/script>[\/et_pb_text][\/et_pb_column][\/et_pb_row][et_pb_row _builder_version=&#8221;4.20.2&#8243; _module_preset=&#8221;default&#8221; theme_builder_area=&#8221;post_content&#8221; column_structure=&#8221;1_2,1_2&#8243; custom_padding=&#8221;||11px|||&#8221;][et_pb_column _builder_version=&#8221;4.20.2&#8243; _module_preset=&#8221;default&#8221; type=&#8221;1_2&#8243; theme_builder_area=&#8221;post_content&#8221;][et_pb_text _builder_version=&#8221;4.20.2&#8243; _module_preset=&#8221;default&#8221; theme_builder_area=&#8221;post_content&#8221; hover_enabled=&#8221;0&#8243; sticky_enabled=&#8221;0&#8243;]<a data-flickr-embed=\"true\" href=\"https:\/\/www.flickr.com\/photos\/195367760@N05\/albums\/72177720308702691\" title=\"Zona Criativa - Reuni\u00e3o com oficineiros\"><img decoding=\"async\" src=\"https:\/\/live.staticflickr.com\/65535\/52939269012_97e3933984_z.jpg\" width=\"640\" height=\"480\" alt=\"Zona Criativa - Reuni\u00e3o com oficineiros\"\/><\/a><script async src=\"\/\/embedr.flickr.com\/assets\/client-code.js\" charset=\"utf-8\"><\/script>[\/et_pb_text][\/et_pb_column][et_pb_column _builder_version=&#8221;4.20.2&#8243; _module_preset=&#8221;default&#8221; type=&#8221;1_2&#8243; theme_builder_area=&#8221;post_content&#8221;][et_pb_text _builder_version=&#8221;4.20.2&#8243; _module_preset=&#8221;default&#8221; theme_builder_area=&#8221;post_content&#8221; hover_enabled=&#8221;0&#8243; sticky_enabled=&#8221;0&#8243;]<a data-flickr-embed=\"true\" href=\"https:\/\/www.flickr.com\/photos\/195367760@N05\/albums\/72177720308719433\" title=\"Zona criativa 1\u00ba reuni\u00e3o\"><img decoding=\"async\" src=\"https:\/\/live.staticflickr.com\/65535\/52940249205_cb27b52f70_z.jpg\" width=\"640\" height=\"480\" alt=\"Zona criativa 1\u00ba reuni\u00e3o\"\/><\/a><script async src=\"\/\/embedr.flickr.com\/assets\/client-code.js\" charset=\"utf-8\"><\/script>[\/et_pb_text][\/et_pb_column][\/et_pb_row][et_pb_row _builder_version=&#8221;4.20.2&#8243; _module_preset=&#8221;default&#8221; theme_builder_area=&#8221;post_content&#8221; column_structure=&#8221;1_2,1_2&#8243; custom_padding=&#8221;||11px|||&#8221;][et_pb_column _builder_version=&#8221;4.20.2&#8243; _module_preset=&#8221;default&#8221; type=&#8221;1_2&#8243; theme_builder_area=&#8221;post_content&#8221;][et_pb_text _builder_version=&#8221;4.20.2&#8243; _module_preset=&#8221;default&#8221; theme_builder_area=&#8221;post_content&#8221; hover_enabled=&#8221;0&#8243; sticky_enabled=&#8221;0&#8243;]<a data-flickr-embed=\"true\" href=\"https:\/\/www.flickr.com\/photos\/195367760@N05\/albums\/72177720298030835\" title=\"Salas e Laborat\u00f3rios\"><img decoding=\"async\" src=\"https:\/\/live.staticflickr.com\/65535\/51997656111_c43066fed7.jpg\" width=\"640\" height=\"480\" alt=\"Salas e Laborat\u00f3rios\"\/><\/a><script async src=\"\/\/embedr.flickr.com\/assets\/client-code.js\" charset=\"utf-8\"><\/script>[\/et_pb_text][\/et_pb_column][et_pb_column _builder_version=&#8221;4.20.2&#8243; _module_preset=&#8221;default&#8221; type=&#8221;1_2&#8243; theme_builder_area=&#8221;post_content&#8221;][et_pb_text _builder_version=&#8221;4.20.2&#8243; _module_preset=&#8221;default&#8221; theme_builder_area=&#8221;post_content&#8221; hover_enabled=&#8221;0&#8243; sticky_enabled=&#8221;0&#8243;]<a data-flickr-embed=\"true\" href=\"https:\/\/www.flickr.com\/photos\/195367760@N05\/albums\/72177720298029982\" title=\"Arquitetura e Urbanismo - Bosque dos Capuchinhos\"><img decoding=\"async\" src=\"https:\/\/live.staticflickr.com\/65535\/51996604597_b2612f011d_z.jpg\" width=\"640\" height=\"480\" alt=\"Arquitetura e Urbanismo - Bosque dos Capuchinhos\"\/><\/a><script async src=\"\/\/embedr.flickr.com\/assets\/client-code.js\" charset=\"utf-8\"><\/script>[\/et_pb_text][\/et_pb_column][\/et_pb_row][et_pb_row _builder_version=&#8221;4.20.2&#8243; _module_preset=&#8221;default&#8221; theme_builder_area=&#8221;post_content&#8221; column_structure=&#8221;1_2,1_2&#8243; custom_padding=&#8221;||11px|||&#8221;][et_pb_column _builder_version=&#8221;4.20.2&#8243; _module_preset=&#8221;default&#8221; type=&#8221;1_2&#8243; theme_builder_area=&#8221;post_content&#8221;][et_pb_text _builder_version=&#8221;4.20.2&#8243; _module_preset=&#8221;default&#8221; theme_builder_area=&#8221;post_content&#8221; hover_enabled=&#8221;0&#8243; sticky_enabled=&#8221;0&#8243;]<a data-flickr-embed=\"true\" href=\"https:\/\/www.flickr.com\/photos\/195367760@N05\/albums\/72177720298030835\" title=\"Salas e Laborat\u00f3rios\"><img decoding=\"async\" src=\"https:\/\/live.staticflickr.com\/65535\/51997656111_c43066fed7.jpg\" width=\"640\" height=\"480\" alt=\"Salas e Laborat\u00f3rios\"\/><\/a><script async src=\"\/\/embedr.flickr.com\/assets\/client-code.js\" charset=\"utf-8\"><\/script>[\/et_pb_text][\/et_pb_column][et_pb_column _builder_version=&#8221;4.20.2&#8243; _module_preset=&#8221;default&#8221; type=&#8221;1_2&#8243; theme_builder_area=&#8221;post_content&#8221;][et_pb_text _builder_version=&#8221;4.20.2&#8243; _module_preset=&#8221;default&#8221; theme_builder_area=&#8221;post_content&#8221;]<a data-flickr-embed=\"true\" href=\"https:\/\/www.flickr.com\/photos\/195367760@N05\/albums\/72177720298029845\" title=\"Espa\u00e7o + Inova\u00e7\u00e3o Uniju\u00ed\"><img decoding=\"async\" src=\"https:\/\/live.staticflickr.com\/65535\/51996582307_0130f0c4dc_z.jpg\" width=\"640\" height=\"480\" alt=\"Espa\u00e7o + Inova\u00e7\u00e3o Uniju\u00ed\"\/><\/a><script async src=\"\/\/embedr.flickr.com\/assets\/client-code.js\" charset=\"utf-8\"><\/script>[\/et_pb_text][\/et_pb_column][\/et_pb_row][\/et_pb_section]<\/p>\n","protected":false},"excerpt":{"rendered":"<p>Fotos<\/p>\n","protected":false},"author":1,"featured_media":0,"parent":0,"menu_order":0,"comment_status":"closed","ping_status":"closed","template":"","meta":{"_et_pb_use_builder":"on","_et_pb_old_content":"","_et_gb_content_width":"","_mi_skip_tracking":false},"_links":{"self":[{"href":"https:\/\/www.projetos.unijui.edu.br\/zonacriativa\/wp-json\/wp\/v2\/pages\/3764"}],"collection":[{"href":"https:\/\/www.projetos.unijui.edu.br\/zonacriativa\/wp-json\/wp\/v2\/pages"}],"about":[{"href":"https:\/\/www.projetos.unijui.edu.br\/zonacriativa\/wp-json\/wp\/v2\/types\/page"}],"author":[{"embeddable":true,"href":"https:\/\/www.projetos.unijui.edu.br\/zonacriativa\/wp-json\/wp\/v2\/users\/1"}],"replies":[{"embeddable":true,"href":"https:\/\/www.projetos.unijui.edu.br\/zonacriativa\/wp-json\/wp\/v2\/comments?post=3764"}],"version-history":[{"count":0,"href":"https:\/\/www.projetos.unijui.edu.br\/zonacriativa\/wp-json\/wp\/v2\/pages\/3764\/revisions"}],"wp:attachment":[{"href":"https:\/\/www.projetos.unijui.edu.br\/zonacriativa\/wp-json\/wp\/v2\/media?parent=3764"}],"curies":[{"name":"wp","href":"https:\/\/api.w.org\/{rel}","templated":true}]}}