{"id":3587,"date":"2023-10-14T03:49:39","date_gmt":"2023-10-14T03:49:39","guid":{"rendered":"https:\/\/www.projetos.unijui.edu.br\/zonacriativa\/?page_id=3587"},"modified":"2023-10-16T15:32:57","modified_gmt":"2023-10-16T15:32:57","slug":"selecionados","status":"publish","type":"page","link":"https:\/\/www.projetos.unijui.edu.br\/zonacriativa\/selecionados\/","title":{"rendered":"Selecionados"},"content":{"rendered":"<p>[et_pb_section fb_built=&#8221;1&#8243; _builder_version=&#8221;4.20.2&#8243; _module_preset=&#8221;default&#8221; custom_padding=&#8221;11px|||||&#8221; global_colors_info=&#8221;{}&#8221;][et_pb_row _builder_version=&#8221;4.20.2&#8243; _module_preset=&#8221;default&#8221; global_colors_info=&#8221;{}&#8221;][et_pb_column type=&#8221;4_4&#8243; _builder_version=&#8221;4.20.2&#8243; _module_preset=&#8221;default&#8221; global_colors_info=&#8221;{}&#8221;][et_pb_text module_class=&#8221;titulomapa&#8221; _builder_version=&#8221;4.20.2&#8243; _module_preset=&#8221;default&#8221; header_font=&#8221;Roboto|700||on|||||&#8221; header_text_align=&#8221;center&#8221; header_text_color=&#8221;#e61068&#8243; header_font_size=&#8221;41px&#8221; custom_margin=&#8221;16px|||||&#8221; global_colors_info=&#8221;{}&#8221;]<\/p>\n<h1>selecionados<\/h1>\n<p>[\/et_pb_text][\/et_pb_column][\/et_pb_row][et_pb_row _builder_version=&#8221;4.20.2&#8243; _module_preset=&#8221;default&#8221; width=&#8221;100%&#8221; max_width=&#8221;90%&#8221; module_alignment=&#8221;center&#8221; custom_padding=&#8221;15px|||||&#8221; global_colors_info=&#8221;{}&#8221;][et_pb_column type=&#8221;4_4&#8243; _builder_version=&#8221;4.20.2&#8243; _module_preset=&#8221;default&#8221; global_colors_info=&#8221;{}&#8221;][et_pb_text _builder_version=&#8221;4.20.2&#8243; _module_preset=&#8221;default&#8221; width=&#8221;61%&#8221; width_tablet=&#8221;61%&#8221; width_phone=&#8221;100%&#8221; width_last_edited=&#8221;on|phone&#8221; max_width=&#8221;100%&#8221; module_alignment=&#8221;center&#8221; custom_padding=&#8221;0px|||||&#8221; global_colors_info=&#8221;{}&#8221;]<\/p>\n<table style=\"width: 100%; height: 360px; float: CENTER;\">\n<thead>\n<tr style=\"height: 24px;\">\n<th scope=\"col\" style=\"width: 50%; height: 24px;\">Nome<\/th>\n<th scope=\"col\" style=\"width: 50%; height: 24px;\">Atividade<\/th>\n<\/tr>\n<\/thead>\n<tbody>\n<tr style=\"height: 24px;\">\n<td style=\"width: 68.1px; height: 24px;\">Edvam de Oliveira e Silva Filho<\/td>\n<td style=\"width: 92.0875px; height: 24px;\"><span>Exposi\u00e7\u00e3o: A Evolu\u00e7\u00e3o da Internet &#8211; Dos prim\u00f3rdios aos tempos atuais<\/span><\/td>\n<\/tr>\n<tr style=\"height: 24px;\">\n<td style=\"width: 68.1px; height: 24px;\">Gabriel Miranda Costa e Silva<\/td>\n<td style=\"width: 92.0875px; height: 24px;\"><span>Workshop &#8211; Criando seu Primeiro Modelo no Blender<\/span><\/td>\n<\/tr>\n<tr style=\"height: 24px;\">\n<td style=\"width: 68.1px; height: 24px;\">Helena D\u00f3ris Sala<\/td>\n<td style=\"width: 92.0875px; height: 24px;\"><span>Vocal Quer\u00eancia canta Lauri Bussler<\/span><\/td>\n<\/tr>\n<tr style=\"height: 24px;\">\n<td style=\"width: 68.1px; height: 24px;\">Italo Furtado<\/td>\n<td style=\"width: 92.0875px; height: 24px;\"><span>Criando um Prot\u00f3tipo de Baixa Fidelidade<\/span><\/td>\n<\/tr>\n<tr style=\"height: 48px;\">\n<td style=\"width: 68.1px; height: 48px;\">Luana Onha da Cruz de Souza<\/td>\n<td style=\"width: 92.0875px; height: 48px;\"><span>Experimento 5: &#8220;Me traziam a lembran\u00e7a daqui, de&#8230;&#8221;<\/span><\/td>\n<\/tr>\n<tr style=\"height: 48px;\">\n<td style=\"width: 68.1px; height: 48px;\">Luise Scherer Carvalho<\/td>\n<td style=\"width: 92.0875px; height: 48px;\"><span>Workshop Online Corpo Criativo<\/span><\/td>\n<\/tr>\n<tr style=\"height: 24px;\">\n<td style=\"width: 68.1px; height: 24px;\">Maria Fernanda de Ara\u00fajo Lopes<\/td>\n<td style=\"width: 92.0875px; height: 24px;\"><span>Arte em Realidade Aumentada: Criando experi\u00eancias interativas com Artivive<\/span><\/td>\n<\/tr>\n<tr style=\"height: 24px;\">\n<td style=\"width: 68.1px; height: 24px;\">Mariana Costa Neuwald<\/td>\n<td style=\"width: 92.0875px; height: 24px;\"><span>\u2018Corpos Livres &#8211; Natureza Criativa em Si\u2019<\/span><\/td>\n<\/tr>\n<tr style=\"height: 24px;\">\n<td style=\"width: 68.1px; height: 24px;\">Mateus Avila da Silveira<\/td>\n<td style=\"width: 92.0875px; height: 24px;\"><span>Experi\u00eancia de Realidade Mista no Chafariz da Unijui<\/span><\/td>\n<\/tr>\n<tr style=\"height: 24px;\">\n<td style=\"width: 68.1px; height: 24px;\">Nedisson Luis Gessi<\/td>\n<td style=\"width: 92.0875px; height: 24px;\"><span>Powerskills Criative Duck LEGO\u00ae<\/span><\/td>\n<\/tr>\n<tr>\n<td style=\"width: 68.1px;\"><span>Patr\u00edcia Lazzarotti Garcia<\/span><\/td>\n<td style=\"width: 92.0875px;\"><span>Crie Apresenta\u00e7\u00f5es WOW em 2 Horas<\/span><\/td>\n<\/tr>\n<tr style=\"height: 24px;\">\n<td style=\"width: 68.1px; height: 24px;\">Paulo Z\u00e9 Barcellos<\/td>\n<td style=\"width: 92.0875px; height: 24px;\"><span>Construindo Utopias &#8211; Morrostock a Hist\u00f3ria sem Recortes.<\/span><\/td>\n<\/tr>\n<tr style=\"height: 24px;\">\n<td style=\"width: 68.1px; height: 24px;\"><\/td>\n<td style=\"width: 92.0875px; height: 24px;\"><\/td>\n<\/tr>\n<\/tbody>\n<\/table>\n<p>[\/et_pb_text][\/et_pb_column][\/et_pb_row][\/et_pb_section][et_pb_section fb_built=&#8221;1&#8243; _builder_version=&#8221;4.20.2&#8243; _module_preset=&#8221;default&#8221; background_image=&#8221;https:\/\/kellymariah.me\/zonacriativa\/wp-content\/uploads\/2023\/04\/ESTRELASSSSSS.png&#8221; parallax=&#8221;on&#8221; z_index=&#8221;-143&#8243; height_tablet=&#8221;970px&#8221; height_phone=&#8221;&#8221; height_last_edited=&#8221;on|phone&#8221; custom_margin=&#8221;-275px||||false|false&#8221; custom_margin_tablet=&#8221;-301px||||false|false&#8221; custom_margin_phone=&#8221;0px||||false|false&#8221; custom_margin_last_edited=&#8221;on|phone&#8221; top_divider_style=&#8221;wave&#8221; top_divider_color=&#8221;RGBA(255,255,255,0)&#8221; bottom_divider_height=&#8221;102px&#8221; bottom_divider_repeat=&#8221;2x&#8221; global_colors_info=&#8221;{}&#8221;][et_pb_row _builder_version=&#8221;4.20.2&#8243; _module_preset=&#8221;default&#8221; custom_margin_tablet=&#8221;&#8221; custom_margin_phone=&#8221;0px||||false|false&#8221; custom_margin_last_edited=&#8221;on|phone&#8221; global_colors_info=&#8221;{}&#8221;][et_pb_column type=&#8221;4_4&#8243; _builder_version=&#8221;4.20.2&#8243; _module_preset=&#8221;default&#8221; global_colors_info=&#8221;{}&#8221;][et_pb_image src=&#8221;https:\/\/kellymariah.me\/zonacriativa\/wp-content\/uploads\/2023\/04\/ILUSTRAZC.png&#8221; title_text=&#8221;ILUSTRAZC&#8221; align=&#8221;center&#8221; show_bottom_space_tablet=&#8221;&#8221; show_bottom_space_phone=&#8221;&#8221; show_bottom_space_last_edited=&#8221;on|phone&#8221; _builder_version=&#8221;4.20.2&#8243; _module_preset=&#8221;default&#8221; width=&#8221;59{eed4a20d946c22b2b11ff022798afea8f67f233a4ee92b86285d6874b56e4124}&#8221; width_tablet=&#8221;59{eed4a20d946c22b2b11ff022798afea8f67f233a4ee92b86285d6874b56e4124}&#8221; width_phone=&#8221;90{eed4a20d946c22b2b11ff022798afea8f67f233a4ee92b86285d6874b56e4124}&#8221; width_last_edited=&#8221;on|phone&#8221; custom_margin=&#8221;||||false|false&#8221; custom_margin_tablet=&#8221;100px||||false|false&#8221; custom_margin_phone=&#8221;-1px||0px||false|false&#8221; custom_margin_last_edited=&#8221;on|phone&#8221; custom_padding=&#8221;190px||||false|false&#8221; custom_padding_tablet=&#8221;108px|||||&#8221; custom_padding_phone=&#8221;0px||||false|false&#8221; custom_padding_last_edited=&#8221;on|phone&#8221; scroll_scaling_enable=&#8221;on&#8221; scroll_scaling=&#8221;0|50|50|100|90{eed4a20d946c22b2b11ff022798afea8f67f233a4ee92b86285d6874b56e4124}|101{eed4a20d946c22b2b11ff022798afea8f67f233a4ee92b86285d6874b56e4124}|100&#8243; scroll_scaling_tablet=&#8221;0|50|50|100|90{eed4a20d946c22b2b11ff022798afea8f67f233a4ee92b86285d6874b56e4124}|101{eed4a20d946c22b2b11ff022798afea8f67f233a4ee92b86285d6874b56e4124}|100&#8243; scroll_scaling_phone=&#8221;0|50|50|100|100{eed4a20d946c22b2b11ff022798afea8f67f233a4ee92b86285d6874b56e4124}|100{eed4a20d946c22b2b11ff022798afea8f67f233a4ee92b86285d6874b56e4124}|100{eed4a20d946c22b2b11ff022798afea8f67f233a4ee92b86285d6874b56e4124}&#8221; scroll_scaling_last_edited=&#8221;on|phone&#8221; global_colors_info=&#8221;{}&#8221;][\/et_pb_image][\/et_pb_column][\/et_pb_row][\/et_pb_section][et_pb_section fb_built=&#8221;1&#8243; _builder_version=&#8221;4.20.2&#8243; _module_preset=&#8221;default&#8221; min_height=&#8221;450px&#8221; min_height_tablet=&#8221;450px&#8221; min_height_phone=&#8221;200px&#8221; min_height_last_edited=&#8221;on|phone&#8221; custom_margin=&#8221;-82px||||false|false&#8221; custom_margin_tablet=&#8221;-82px||||false|false&#8221; custom_margin_phone=&#8221;-80px||||false|false&#8221; custom_margin_last_edited=&#8221;on|phone&#8221; custom_padding=&#8221;0px|||||&#8221; global_colors_info=&#8221;{}&#8221;][et_pb_row _builder_version=&#8221;4.20.2&#8243; _module_preset=&#8221;default&#8221; custom_padding=&#8221;0px||0px|||&#8221; global_colors_info=&#8221;{}&#8221;][et_pb_column type=&#8221;4_4&#8243; _builder_version=&#8221;4.20.2&#8243; _module_preset=&#8221;default&#8221; global_colors_info=&#8221;{}&#8221;][et_pb_text _builder_version=&#8221;4.20.2&#8243; _module_preset=&#8221;default&#8221; header_font=&#8221;Roboto||||||||&#8221; header_text_align=&#8221;center&#8221; header_text_color=&#8221;#e61068&#8243; custom_margin=&#8221;60px||-21px||false|false&#8221; custom_margin_tablet=&#8221;75px||||false|false&#8221; custom_margin_phone=&#8221;60px||||false|false&#8221; custom_margin_last_edited=&#8221;on|phone&#8221; global_colors_info=&#8221;{}&#8221;]<\/p>\n<h1>ORGANIZADORES<\/h1>\n<p>[\/et_pb_text][\/et_pb_column][\/et_pb_row][et_pb_row _builder_version=&#8221;4.20.2&#8243; filter_saturate=&#8221;0%&#8221; locked=&#8221;off&#8221; global_colors_info=&#8221;{}&#8221;][et_pb_column type=&#8221;4_4&#8243; _builder_version=&#8221;4.16&#8243; custom_padding=&#8221;|||&#8221; global_colors_info=&#8221;{}&#8221; custom_padding__hover=&#8221;|||&#8221;][dica_divi_carousel show_items_desktop=&#8221;5&#8243; centermode=&#8221;on&#8221; loop=&#8221;on&#8221; autoplay=&#8221;on&#8221; scroller_effect=&#8221;on&#8221; advanced_effect=&#8221;1&#8243; image_sizing=&#8221;200px&#8221; _builder_version=&#8221;4.20.2&#8243; custom_margin=&#8221;-26px|||||&#8221; global_colors_info=&#8221;{}&#8221;][dica_divi_carouselitem button_url_new_window=&#8221;1&#8243; image=&#8221;https:\/\/www.projetos.unijui.edu.br\/zonacriativa\/wp-content\/uploads\/2023\/09\/lavoro9090.png&#8221; _builder_version=&#8221;4.20.2&#8243; _module_preset=&#8221;default&#8221; global_colors_info=&#8221;{}&#8221;][\/dica_divi_carouselitem][dica_divi_carouselitem button_url_new_window=&#8221;1&#8243; image=&#8221;https:\/\/www.projetos.unijui.edu.br\/zonacriativa\/wp-content\/uploads\/2023\/09\/cs-logo-site0909.png&#8221; image_padding=&#8221;||||false|false&#8221; content_padding=&#8221;||||false|false&#8221; custom_margin=&#8221;60px||||false|false&#8221; _builder_version=&#8221;4.20.2&#8243; _module_preset=&#8221;default&#8221; global_colors_info=&#8221;{}&#8221;][\/dica_divi_carouselitem][dica_divi_carouselitem button_url_new_window=&#8221;1&#8243; image=&#8221;https:\/\/www.projetos.unijui.edu.br\/zonacriativa\/wp-content\/uploads\/2023\/09\/kell-logo-site9090.png&#8221; image_padding=&#8221;40px|||20px|false|false&#8221; _builder_version=&#8221;4.20.2&#8243; _module_preset=&#8221;default&#8221; global_colors_info=&#8221;{}&#8221;][\/dica_divi_carouselitem][dica_divi_carouselitem button_url_new_window=&#8221;1&#8243; image=&#8221;https:\/\/www.projetos.unijui.edu.br\/zonacriativa\/wp-content\/uploads\/2023\/09\/logotipo-pamela090.png&#8221; image_padding=&#8221;7px||||false|false&#8221; _builder_version=&#8221;4.20.2&#8243; _module_preset=&#8221;default&#8221; global_colors_info=&#8221;{}&#8221;][\/dica_divi_carouselitem][dica_divi_carouselitem button_url_new_window=&#8221;1&#8243; image=&#8221;https:\/\/www.projetos.unijui.edu.br\/zonacriativa\/wp-content\/uploads\/2023\/09\/MARISTELA-LOGO-10.png&#8221; image_padding=&#8221;30px||||false|false&#8221; _builder_version=&#8221;4.20.2&#8243; _module_preset=&#8221;default&#8221; global_colors_info=&#8221;{}&#8221;][\/dica_divi_carouselitem][\/dica_divi_carousel][\/et_pb_column][\/et_pb_row][\/et_pb_section]<\/p>\n","protected":false},"excerpt":{"rendered":"<p>selecionados Nome Atividade Edvam de Oliveira e Silva Filho Exposi\u00e7\u00e3o: A Evolu\u00e7\u00e3o da Internet &#8211; Dos prim\u00f3rdios aos tempos atuais Gabriel Miranda Costa e Silva Workshop &#8211; Criando seu Primeiro Modelo no Blender Helena D\u00f3ris Sala Vocal Quer\u00eancia canta Lauri Bussler Italo Furtado Criando um Prot\u00f3tipo de Baixa Fidelidade Luana Onha da Cruz de Souza [&hellip;]<\/p>\n","protected":false},"author":1,"featured_media":0,"parent":0,"menu_order":0,"comment_status":"closed","ping_status":"closed","template":"","meta":{"_et_pb_use_builder":"on","_et_pb_old_content":"","_et_gb_content_width":"","_mi_skip_tracking":false},"_links":{"self":[{"href":"https:\/\/www.projetos.unijui.edu.br\/zonacriativa\/wp-json\/wp\/v2\/pages\/3587"}],"collection":[{"href":"https:\/\/www.projetos.unijui.edu.br\/zonacriativa\/wp-json\/wp\/v2\/pages"}],"about":[{"href":"https:\/\/www.projetos.unijui.edu.br\/zonacriativa\/wp-json\/wp\/v2\/types\/page"}],"author":[{"embeddable":true,"href":"https:\/\/www.projetos.unijui.edu.br\/zonacriativa\/wp-json\/wp\/v2\/users\/1"}],"replies":[{"embeddable":true,"href":"https:\/\/www.projetos.unijui.edu.br\/zonacriativa\/wp-json\/wp\/v2\/comments?post=3587"}],"version-history":[{"count":0,"href":"https:\/\/www.projetos.unijui.edu.br\/zonacriativa\/wp-json\/wp\/v2\/pages\/3587\/revisions"}],"wp:attachment":[{"href":"https:\/\/www.projetos.unijui.edu.br\/zonacriativa\/wp-json\/wp\/v2\/media?parent=3587"}],"curies":[{"name":"wp","href":"https:\/\/api.w.org\/{rel}","templated":true}]}}