{"id":8,"date":"2017-06-28T16:51:55","date_gmt":"2017-06-28T19:51:55","guid":{"rendered":"http:\/\/projetos.unijui.edu.br\/radionaescola\/?page_id=8"},"modified":"2018-12-19T14:23:24","modified_gmt":"2018-12-19T16:23:24","slug":"sobre","status":"publish","type":"page","link":"https:\/\/www.projetos.unijui.edu.br\/radionaescola\/sobre\/","title":{"rendered":"Sobre"},"content":{"rendered":"<p style=\"text-align: justify;\">O Projeto R\u00e1dio, Tecnologias e Empreendedorismo na Escola est\u00e1 sendo desenvolvido pelos cursos de Jornalismo e Publicidade e Propaganda, Administra\u00e7\u00e3o e Ci\u00eancias Cont\u00e1beis, que s\u00e3o vinculados ao DACEC da UNIJUI. Tamb\u00e9m, conta com a colabora\u00e7\u00e3o de um professor que desenvolve atividades da \u00e1rea da inform\u00e1tica. O projeto tem como objetivo, atrav\u00e9s da comunica\u00e7\u00e3o e do empreendedorismo desenvolver atividades educacionais com crian\u00e7as, adolescentes e jovens de escolas municipais e estaduais da regi\u00e3o noroeste do Rio Grande do Sul. Com realiza\u00e7\u00f5es de oficinas e pr\u00e1ticas comunicacionais, possibilita ao p\u00fablico participante, incluindo os professores, contato com equipamentos de v\u00eddeo, de foto e de r\u00e1dio, al\u00e9m de t\u00e9cnicas de edi\u00e7\u00e3o de produ\u00e7\u00f5es audiovisuais. Desenvolve atividades visando as rela\u00e7\u00f5es de comportamento em frente \u00e0s c\u00e2meras de v\u00eddeo, cria\u00e7\u00e3o de roteiros para r\u00e1dio e televis\u00e3o. Tamb\u00e9m busca desenvolver a progress\u00e3o de capacidades cognitivas, como o racioc\u00ednio e o improviso, e o aprimoramento da dic\u00e7\u00e3o e da orat\u00f3ria, com a finalidade de colaborar para o desenvolvimento da expressividade textual, tanto verbal quanto oral, no sentido de controle do nervosismo e ansiedade frente a momentos de apresenta\u00e7\u00e3o em p\u00fablico. Outro objetivo primordial que conquista o p\u00fablico alvo, e \u00e9 convincente para a participa\u00e7\u00e3o dos alunos no projeto,\u00a0 \u00a0\u00e9 a implementa\u00e7\u00e3o de r\u00e1dios internas nas escolas. Da mesma forma, a partir do olhar do ambiente escolar e da comunidade, desenvolver atividades na perspectiva do empreendedorismo e da gest\u00e3o cidad\u00e3. Observando a constante evolu\u00e7\u00e3o das tecnologias de produ\u00e7\u00e3o e de comunica\u00e7\u00e3o no sentido de buscar a apropria\u00e7\u00e3o das mesmas na constru\u00e7\u00e3o da cidadania.<\/p>\n<p style=\"text-align: justify;\">As atividades do projeto em 2018 iniciaram com muita energia com novos objetivos e amplos horizontes. O projeto, que neste ano \u00a0conta com o aux\u00edlio dos novos bolsistas \u00a0do curso de Publicidade e de Jornalismo nas fun\u00e7\u00f5es de produ\u00e7\u00e3o e de divulga\u00e7\u00e3o do Projeto. Conta, tamb\u00e9m, com a participa\u00e7\u00e3o da equipe de professores do DACEC nas atividades de Comunica\u00e7\u00e3o, nas \u00e1reas da Administra\u00e7\u00e3o e Empreendedorismo e Finan\u00e7as Pessoais, participando \u00a0professoras dos Cursos de Administra\u00e7\u00e3o e de Ci\u00eancias Cont\u00e1beis. Nas \u00e1reas relacionadas com inform\u00e1tica as atividades est\u00e3o sob responsabilidade de \u00a0um professor \u00a0vinculado ao Campus Santa Rosa. Contamos com a colabora\u00e7\u00e3o dos t\u00e9cnicos de laborat\u00f3rios de \u00e1udio e de v\u00eddeo e da Ag\u00eancia Experimental dos Cursos de Publicidade e Propaganda e Jornalismo, USINA DE IDEIAS.\u00a0 O Projeto continua com a colabora\u00e7\u00e3o da Secretaria Municipal de Educa\u00e7\u00e3o (SMED), de Iju\u00ed, e da 36\u00aa Coordenadoria de Educa\u00e7\u00e3o, que intermediam as rela\u00e7\u00f5es com as escolas parceiras do munic\u00edpio e da regi\u00e3o.<\/p>\n<p style=\"text-align: justify;\">O Projeto R\u00e1dio, Tecnologias e Empreendedorismo na Escola continuou, no ano de 2018, em preparar estudantes e professores de escolas p\u00fablicas e afins para compreender os processos de comunica\u00e7\u00e3o e de transforma\u00e7\u00e3o tecnol\u00f3gica da sociedade, bem como proporcionar a forma\u00e7\u00e3o para o empreendedorismo no ambiente escolar. Como fundamento te\u00f3rico tem como base os estudos de Educomunica\u00e7\u00e3o e como perspectiva, o exerc\u00edcio da cidadania, a partir do acesso \u00e0 informa\u00e7\u00e3o e ao conhecimento. Tamb\u00e9m, como pano de fundo, a inova\u00e7\u00e3o por meio de ferramentas educomunicativas.<\/p>\n","protected":false},"excerpt":{"rendered":"<p>O Projeto R\u00e1dio, Tecnologias e Empreendedorismo na Escola est\u00e1 sendo desenvolvido pelos cursos de Jornalismo e Publicidade e Propaganda, Administra\u00e7\u00e3o<\/p>\n","protected":false},"author":5,"featured_media":0,"parent":0,"menu_order":0,"comment_status":"closed","ping_status":"closed","template":"","meta":[],"_links":{"self":[{"href":"https:\/\/www.projetos.unijui.edu.br\/radionaescola\/wp-json\/wp\/v2\/pages\/8"}],"collection":[{"href":"https:\/\/www.projetos.unijui.edu.br\/radionaescola\/wp-json\/wp\/v2\/pages"}],"about":[{"href":"https:\/\/www.projetos.unijui.edu.br\/radionaescola\/wp-json\/wp\/v2\/types\/page"}],"author":[{"embeddable":true,"href":"https:\/\/www.projetos.unijui.edu.br\/radionaescola\/wp-json\/wp\/v2\/users\/5"}],"replies":[{"embeddable":true,"href":"https:\/\/www.projetos.unijui.edu.br\/radionaescola\/wp-json\/wp\/v2\/comments?post=8"}],"version-history":[{"count":14,"href":"https:\/\/www.projetos.unijui.edu.br\/radionaescola\/wp-json\/wp\/v2\/pages\/8\/revisions"}],"predecessor-version":[{"id":442,"href":"https:\/\/www.projetos.unijui.edu.br\/radionaescola\/wp-json\/wp\/v2\/pages\/8\/revisions\/442"}],"wp:attachment":[{"href":"https:\/\/www.projetos.unijui.edu.br\/radionaescola\/wp-json\/wp\/v2\/media?parent=8"}],"curies":[{"name":"wp","href":"https:\/\/api.w.org\/{rel}","templated":true}]}}