{"id":43,"date":"2017-06-28T17:42:24","date_gmt":"2017-06-28T20:42:24","guid":{"rendered":"http:\/\/projetos.unijui.edu.br\/radionaescola\/?page_id=43"},"modified":"2018-10-29T23:54:38","modified_gmt":"2018-10-30T02:54:38","slug":"escolas-parceiras","status":"publish","type":"page","link":"https:\/\/www.projetos.unijui.edu.br\/radionaescola\/escolas-parceiras\/","title":{"rendered":"Escolas"},"content":{"rendered":"<p>O Projeto R\u00e1dio, Tecnologias e Empreendedorismo na Escola, hoje trabalha com 67 escolas de Iju\u00ed e regi\u00e3o.<\/p>\n<p>&nbsp;<\/p>\n<h5>2018<\/h5>\n<blockquote><p>Escola Estadual de Educa\u00e7\u00e3o B\u00e1sica Poncho Verde<br \/>\nNome e slogan: R\u00e1dio Conex\u00e3o Jovem<br \/>\nInaugurada em<\/p><\/blockquote>\n<blockquote><p>Escola Estadual de Ensino M\u00e9dio Dr. Roberto Low<br \/>\nNome e slogan: R\u00e1dio Escola Low<br \/>\nInaugurada em<\/p><\/blockquote>\n<blockquote><p>Instituto Municipal de Ensino Assis Brasil (IMEAB)<br \/>\nNome e slogan: R\u00e1dio Mandio: a r\u00e1dio que cultiva ideias.<br \/>\nInaugurada em 14\/07\/2011<\/p><\/blockquote>\n<blockquote><p>E.M.Fundamental 15 de Novembro<br \/>\nNome e slogan: R\u00e1dio ainda n\u00e3o inaugurada<\/p><\/blockquote>\n<blockquote><p>Escola Estadual de Educa\u00e7\u00e3o B\u00e1sica Cruzeiro<br \/>\nNome e slogan: R\u00e1dio ainda n\u00e3o inaugurada<\/p><\/blockquote>\n<blockquote><p>Col\u00e9gio Estadual Jos\u00e9 Lange<br \/>\nNome e slogan: R\u00e1dio Jos\u00e9 Lange: educando cora\u00e7\u00f5es e mentes.<br \/>\nInaugurada em: 10\/11\/2011<\/p><\/blockquote>\n<blockquote><p>Escola Estadual de Ensino Fundamental Ruy Barbosa (Ruizinho) \u2013 Iju\u00ed<br \/>\nNome e slogan: R\u00e1dio Ruizinho: a \u00e1guia que voa com voc\u00ea.<br \/>\nInaugurada em 14\/07\/2010<\/p><\/blockquote>\n<h5>2017<\/h5>\n<blockquote><p>Escola Municipal de Ensino Fundamental Tom\u00e9 de Souza<br \/>\nNome e slogan: R\u00e1dio Conex\u00e3o Tom\u00e9<br \/>\nInaugurada em<br \/>\nEscola Estadual de 1\u00ba E 2\u00ba Graus Comendador Soares de Barros<br \/>\nNome e slogan: R\u00e1dio Comendador<\/p><\/blockquote>\n<h5>2016<\/h5>\n<blockquote><p>Escola Municipal de Ensino Fundamental Anita Garibaldi<br \/>\nNome e slogan: R\u00e1dio Anita<br \/>\nInaugurada em<\/p><\/blockquote>\n<blockquote><p>Escola Estadual de Ensino M\u00e9dio Doutor Bozano<br \/>\nNome e slogan:<br \/>\nInaugurada em<\/p><\/blockquote>\n<h5>2015<\/h5>\n<blockquote><p>Escola Estadual de Ensino Fundamental Iju\u00ed \u2013 Iju\u00ed<br \/>\nNome e slogan: R\u00e1dio F\u00eanix \u2013 o futuro \u00e9 voc\u00ea quem faz.<br \/>\nInaugurada em 11\/08\/2015<\/p><\/blockquote>\n<blockquote><p>Escola Municipal de Ensino Fundamental Estado do Amazonas \u2013 Iju\u00ed<br \/>\nNome e slogan: R\u00e1dio Semente Amazonas \u2013 semeando um futuro melhor.<br \/>\nInaugurada em 12\/08\/2015<\/p><\/blockquote>\n<h5>2014<\/h5>\n<blockquote><p>Escola Municipal de Ensino Fundamental Dr. Ruy Ramos \u2013 Iju\u00ed<br \/>\nNome e slogan: R\u00e1dio Colmeia \u2013 o n\u00e9ctar da informa\u00e7\u00e3o.<br \/>\nInaugurada em 02\/07\/2014<\/p><\/blockquote>\n<h5>2013<\/h5>\n<blockquote><p>Escola Municipal Porto Villanova \u2013 Iju\u00ed<br \/>\nNome e slogan: R\u00e1dio Jopovi: a sua voz est\u00e1 aqui.<br \/>\nInaugurada em 13\/07\/2013<\/p><\/blockquote>\n<blockquote><p>Escola Estadual de Ensino M\u00e9dio S\u00e3o Geraldo \u2013 Iju\u00ed<br \/>\nNome e slogan: R\u00e1dio Gerald\u00e3o: a r\u00e1dio que toca o seu cora\u00e7\u00e3o.<br \/>\nInaugurada em 04\/07\/2013<\/p><\/blockquote>\n<h5>2012<\/h5>\n<blockquote><p>Escola Estadual de Ensino Fundamental Hermann Faulhaber &#8211; Panambi<br \/>\nNome e slogan: R\u00e1dio HF: aqui tem o que voc\u00ea precisa: m\u00fasicas, not\u00edcias e divers\u00e3o.<br \/>\nInaugurada em 11\/07\/2012<\/p><\/blockquote>\n<blockquote><p>Escola Municipal Fundamental Soares de Barros \u2013 Iju\u00ed<br \/>\nNome e slogan: R\u00e1dio Atitude: onde voc\u00ea faz a diferen\u00e7a.<br \/>\nInaugurada em 13\/07\/2012<\/p><\/blockquote>\n<blockquote><p>Col\u00e9gio Estadual Catu\u00edpe \u2013 Catu\u00edpe<br \/>\nR\u00e1dio CEC: uma ideia que toca.<br \/>\nInaugurada em 13\/08\/2012<\/p><\/blockquote>\n<blockquote><p>Escola Estadual de Ensino Fundamental Carlos Zimpel \u2013 Iju\u00ed<br \/>\nNome e slogan: R\u00e1dio CZ: feita pra voc\u00ea.<br \/>\nInaugurada em 16\/08\/2012<\/p><\/blockquote>\n<blockquote><p>Instituto Estadual de Educa\u00e7\u00e3o Professor Osmar poppe \u2013 S\u00e3o Luiz Gonzaga<br \/>\nR\u00e1dio Poppe Music: m\u00fasica e educa\u00e7\u00e3o em um s\u00f3 ritmo.<br \/>\nInaugurada em 16\/11\/2012<\/p><\/blockquote>\n<h5>2011<\/h5>\n<blockquote><p>Escola Estadual de Ensino M\u00e9dio Ot\u00e1vio Brochado da Rocha &#8211; Iju\u00ed<br \/>\nNome e slogan: R\u00e1dio Ot\u00e1vio da Rocha: novos tempos, novas ideias.<br \/>\nInaugurada em 13\/07\/2011<\/p><\/blockquote>\n<blockquote><p>Instituto Municipal de Ensino Assis Brasil (IMEAB) \u2013 Iju\u00ed<br \/>\nNome e slogan: R\u00e1dio mandio: a r\u00e1dio que cultiva ideias.<br \/>\nInaugurada em 14\/07\/2011<\/p><\/blockquote>\n<blockquote><p>Col\u00e9gio Estadual Jos\u00e9 Lange \u2013 Augusto Pestana<br \/>\nR\u00e1dio Jos\u00e9 Lange: educando cora\u00e7\u00f5es e mentes.<br \/>\nInaugurada em 10\/11\/2011<\/p><\/blockquote>\n<h5>2010<\/h5>\n<blockquote><p>Escola Estadual de Ensino M\u00e9dio Ruy Barbosa (Ruyz\u00e3o) &#8211; Iju\u00ed<br \/>\nNome e slogan: R\u00e1dio Conex\u00e3o: a r\u00e1dio que pega.<br \/>\nInaugurada em 08\/07\/2010<\/p><\/blockquote>\n<blockquote><p>Escola Estadual de Ensino Fundamental Chico Mendes \u2013 Iju\u00ed<br \/>\nNome e slogan: R\u00e1dio Chico Mendes: uma ideia de atitude.<br \/>\nInaugurada em 13\/07\/2010<\/p><\/blockquote>\n<blockquote><p>Escola Estadual de Ensino Fundamental Ruy Barbosa (Ruizinho) \u2013 Iju\u00ed<br \/>\nR\u00e1dio Ruizinho: a \u00e1guia que voa com voc\u00ea.<br \/>\nInaugurada em 14\/07\/2010<\/p><\/blockquote>\n<h5>2009<\/h5>\n<blockquote><p>Escola Estadual Guilherme Clemente Koehler \u2013 Iju\u00ed<br \/>\nNome e slogan: R\u00e1dio Policultura: uma esta\u00e7\u00e3o polivalente.<br \/>\nInaugurada em 18\/06\/2009<\/p><\/blockquote>\n<blockquote><p>Col\u00e9gio Estadual Modelo \u2013 Iju\u00ed<br \/>\nNome e slogan: R\u00e1dio CEM: comunica\u00e7\u00e3o para a diversidade.<br \/>\nInaugurada em 02\/07\/2009<\/p><\/blockquote>\n<h5>2008<\/h5>\n<blockquote><p>Escola Estadual Emil Glitz \u2013 Iju\u00ed<br \/>\nNome e slogan: R\u00e1dio Emil: o seu recreio n\u00e3o vai ser mais o mesmo.<br \/>\nInaugurada em 16\/06\/2008<\/p><\/blockquote>\n<blockquote><p>Escola T\u00e9cnica Estadual 25 de Julho \u2013 Iju\u00ed<br \/>\nNome e slogan: R\u00e1dio Esta\u00e7\u00e3o Restrita: a r\u00e1dio do 25 de julho.<br \/>\nInaugurada em 30\/06\/2008<span style=\"background-color: #ffffff; font-size: 16px;\"><br \/>\n<\/span><\/p><\/blockquote>\n","protected":false},"excerpt":{"rendered":"<p>O Projeto R\u00e1dio, Tecnologias e Empreendedorismo na Escola, hoje trabalha com 67 escolas de Iju\u00ed e regi\u00e3o. &nbsp; 2018 Escola<\/p>\n","protected":false},"author":5,"featured_media":0,"parent":0,"menu_order":2,"comment_status":"closed","ping_status":"closed","template":"","meta":[],"_links":{"self":[{"href":"https:\/\/www.projetos.unijui.edu.br\/radionaescola\/wp-json\/wp\/v2\/pages\/43"}],"collection":[{"href":"https:\/\/www.projetos.unijui.edu.br\/radionaescola\/wp-json\/wp\/v2\/pages"}],"about":[{"href":"https:\/\/www.projetos.unijui.edu.br\/radionaescola\/wp-json\/wp\/v2\/types\/page"}],"author":[{"embeddable":true,"href":"https:\/\/www.projetos.unijui.edu.br\/radionaescola\/wp-json\/wp\/v2\/users\/5"}],"replies":[{"embeddable":true,"href":"https:\/\/www.projetos.unijui.edu.br\/radionaescola\/wp-json\/wp\/v2\/comments?post=43"}],"version-history":[{"count":9,"href":"https:\/\/www.projetos.unijui.edu.br\/radionaescola\/wp-json\/wp\/v2\/pages\/43\/revisions"}],"predecessor-version":[{"id":263,"href":"https:\/\/www.projetos.unijui.edu.br\/radionaescola\/wp-json\/wp\/v2\/pages\/43\/revisions\/263"}],"wp:attachment":[{"href":"https:\/\/www.projetos.unijui.edu.br\/radionaescola\/wp-json\/wp\/v2\/media?parent=43"}],"curies":[{"name":"wp","href":"https:\/\/api.w.org\/{rel}","templated":true}]}}