{"id":304,"date":"2018-10-30T11:57:43","date_gmt":"2018-10-30T14:57:43","guid":{"rendered":"https:\/\/www.projetos.unijui.edu.br\/radionaescola\/?page_id=304"},"modified":"2020-04-23T12:54:24","modified_gmt":"2020-04-23T15:54:24","slug":"equipe","status":"publish","type":"page","link":"https:\/\/www.projetos.unijui.edu.br\/radionaescola\/equipe\/","title":{"rendered":"Equipe"},"content":{"rendered":"<h6><strong>Coordenadora<\/strong><\/h6>\n<p>R\u00fabia Beatriz Schwanke<\/p>\n<h6><strong>Apoio T\u00e9cnico<\/strong><\/h6>\n<p>Celio Roberto Ferrazza<\/p>\n<p>Joao Rafael Bianchi<\/p>\n<p>Andriele de Oliveira M\u00fcller<\/p>\n<h6><strong>Bolsistas PIBEX\/UNIJU\u00cd<\/strong><\/h6>\n<p>Giovanni Pasquali Piovesan<\/p>\n<p>Vinicios Dutra Schulze<\/p>\n<p>Vitor Henrique Mohr<\/p>\n<h6><strong>Professores Extensionistas<\/strong><\/h6>\n<p>Gerson Battisti<\/p>\n<p>Marisandra da Silva Casali<\/p>\n<p>Roselaine Filipin<\/p>\n","protected":false},"excerpt":{"rendered":"<p>Coordenadora R\u00fabia Beatriz Schwanke Apoio T\u00e9cnico Celio Roberto Ferrazza Joao Rafael Bianchi Andriele de Oliveira M\u00fcller Bolsistas PIBEX\/UNIJU\u00cd Giovanni Pasquali<\/p>\n","protected":false},"author":5,"featured_media":0,"parent":0,"menu_order":0,"comment_status":"closed","ping_status":"closed","template":"","meta":[],"_links":{"self":[{"href":"https:\/\/www.projetos.unijui.edu.br\/radionaescola\/wp-json\/wp\/v2\/pages\/304"}],"collection":[{"href":"https:\/\/www.projetos.unijui.edu.br\/radionaescola\/wp-json\/wp\/v2\/pages"}],"about":[{"href":"https:\/\/www.projetos.unijui.edu.br\/radionaescola\/wp-json\/wp\/v2\/types\/page"}],"author":[{"embeddable":true,"href":"https:\/\/www.projetos.unijui.edu.br\/radionaescola\/wp-json\/wp\/v2\/users\/5"}],"replies":[{"embeddable":true,"href":"https:\/\/www.projetos.unijui.edu.br\/radionaescola\/wp-json\/wp\/v2\/comments?post=304"}],"version-history":[{"count":8,"href":"https:\/\/www.projetos.unijui.edu.br\/radionaescola\/wp-json\/wp\/v2\/pages\/304\/revisions"}],"predecessor-version":[{"id":640,"href":"https:\/\/www.projetos.unijui.edu.br\/radionaescola\/wp-json\/wp\/v2\/pages\/304\/revisions\/640"}],"wp:attachment":[{"href":"https:\/\/www.projetos.unijui.edu.br\/radionaescola\/wp-json\/wp\/v2\/media?parent=304"}],"curies":[{"name":"wp","href":"https:\/\/api.w.org\/{rel}","templated":true}]}}