{"id":213,"date":"2018-10-29T15:44:45","date_gmt":"2018-10-29T18:44:45","guid":{"rendered":"https:\/\/www.projetos.unijui.edu.br\/radionaescola\/?page_id=213"},"modified":"2018-10-30T09:32:55","modified_gmt":"2018-10-30T12:32:55","slug":"galeria","status":"publish","type":"page","link":"https:\/\/www.projetos.unijui.edu.br\/radionaescola\/galeria\/","title":{"rendered":"V\u00eddeos"},"content":{"rendered":"\r\n<div class=\"aiovg aiovg-categories aiovg-categories-template-grid\">\r\n\t<div class=\"aiovg-row\">            \r\n        <div class=\"aiovg-col aiovg-col-3\">\t\t\r\n            \n<div class=\"aiovg-thumbnail\">\n    <a href=\"https:\/\/www.projetos.unijui.edu.br\/radionaescola\/video-category\/carlos-zimpel\/\" class=\"aiovg-responsive-container\" style=\"padding-bottom: 75%;\">\n        <img src=\"https:\/\/www.projetos.unijui.edu.br\/radionaescola\/wp-content\/plugins\/all-in-one-video-gallery\/public\/assets\/images\/placeholder-image.png\" alt=\"Carlos Zimpel\" class=\"aiovg-responsive-element\" \/>\n    <\/a>\n    \n    <div class=\"aiovg-caption\">\n        <div class=\"aiovg-title\">\n            <a href=\"https:\/\/www.projetos.unijui.edu.br\/radionaescola\/video-category\/carlos-zimpel\/\" class=\"aiovg-link-title\">Carlos Zimpel<\/a>\n        <\/div>\n            \n                \n                    <div class=\"aiovg-count aiovg-text-muted\">\n                <span class=\"aiovg-icon-videos\"><\/span>\n                1 video            <\/div>\n            <\/div>            \t\t\t\n<\/div>\t\t\r\n        <\/div>                        \r\n                    \r\n        <div class=\"aiovg-col aiovg-col-3\">\t\t\r\n            \n<div class=\"aiovg-thumbnail\">\n    <a href=\"https:\/\/www.projetos.unijui.edu.br\/radionaescola\/video-category\/comendador-soares-de-barros\/\" class=\"aiovg-responsive-container\" style=\"padding-bottom: 75%;\">\n        <img src=\"https:\/\/www.projetos.unijui.edu.br\/radionaescola\/wp-content\/plugins\/all-in-one-video-gallery\/public\/assets\/images\/placeholder-image.png\" alt=\"Comendador Soares de Barros\" class=\"aiovg-responsive-element\" \/>\n    <\/a>\n    \n    <div class=\"aiovg-caption\">\n        <div class=\"aiovg-title\">\n            <a href=\"https:\/\/www.projetos.unijui.edu.br\/radionaescola\/video-category\/comendador-soares-de-barros\/\" class=\"aiovg-link-title\">Comendador Soares de Barros<\/a>\n        <\/div>\n            \n                \n                    <div class=\"aiovg-count aiovg-text-muted\">\n                <span class=\"aiovg-icon-videos\"><\/span>\n                1 video            <\/div>\n            <\/div>            \t\t\t\n<\/div>\t\t\r\n        <\/div>                        \r\n                    \r\n        <div class=\"aiovg-col aiovg-col-3\">\t\t\r\n            \n<div class=\"aiovg-thumbnail\">\n    <a href=\"https:\/\/www.projetos.unijui.edu.br\/radionaescola\/video-category\/conteudos-diversos\/\" class=\"aiovg-responsive-container\" style=\"padding-bottom: 75%;\">\n        <img src=\"https:\/\/www.projetos.unijui.edu.br\/radionaescola\/wp-content\/uploads\/2018\/11\/final_4_1.png\" alt=\"Conte\u00fados Diversos\" class=\"aiovg-responsive-element\" \/>\n    <\/a>\n    \n    <div class=\"aiovg-caption\">\n        <div class=\"aiovg-title\">\n            <a href=\"https:\/\/www.projetos.unijui.edu.br\/radionaescola\/video-category\/conteudos-diversos\/\" class=\"aiovg-link-title\">Conte\u00fados Diversos<\/a>\n        <\/div>\n            \n                \n                    <div class=\"aiovg-count aiovg-text-muted\">\n                <span class=\"aiovg-icon-videos\"><\/span>\n                1 video            <\/div>\n            <\/div>            \t\t\t\n<\/div>\t\t\r\n        <\/div>                        \r\n        <\/div><div class=\"aiovg-row\">            \r\n        <div class=\"aiovg-col aiovg-col-3\">\t\t\r\n            \n<div class=\"aiovg-thumbnail\">\n    <a href=\"https:\/\/www.projetos.unijui.edu.br\/radionaescola\/video-category\/cruzeiro\/\" class=\"aiovg-responsive-container\" style=\"padding-bottom: 75%;\">\n        <img src=\"https:\/\/www.projetos.unijui.edu.br\/radionaescola\/wp-content\/uploads\/2018\/11\/cruzeiro.png\" alt=\"Cruzeiro\" class=\"aiovg-responsive-element\" \/>\n    <\/a>\n    \n    <div class=\"aiovg-caption\">\n        <div class=\"aiovg-title\">\n            <a href=\"https:\/\/www.projetos.unijui.edu.br\/radionaescola\/video-category\/cruzeiro\/\" class=\"aiovg-link-title\">Cruzeiro<\/a>\n        <\/div>\n            \n                \n                    <div class=\"aiovg-count aiovg-text-muted\">\n                <span class=\"aiovg-icon-videos\"><\/span>\n                2 videos            <\/div>\n            <\/div>            \t\t\t\n<\/div>\t\t\r\n        <\/div>                        \r\n                    \r\n        <div class=\"aiovg-col aiovg-col-3\">\t\t\r\n            \n<div class=\"aiovg-thumbnail\">\n    <a href=\"https:\/\/www.projetos.unijui.edu.br\/radionaescola\/video-category\/escola-estadual-de-educacao-basica-poncho-verde\/\" class=\"aiovg-responsive-container\" style=\"padding-bottom: 75%;\">\n        <img src=\"https:\/\/www.projetos.unijui.edu.br\/radionaescola\/wp-content\/plugins\/all-in-one-video-gallery\/public\/assets\/images\/placeholder-image.png\" alt=\"Escola Estadual de Educa\u00e7\u00e3o B\u00e1sica Poncho Verde\" class=\"aiovg-responsive-element\" \/>\n    <\/a>\n    \n    <div class=\"aiovg-caption\">\n        <div class=\"aiovg-title\">\n            <a href=\"https:\/\/www.projetos.unijui.edu.br\/radionaescola\/video-category\/escola-estadual-de-educacao-basica-poncho-verde\/\" class=\"aiovg-link-title\">Escola Estadual de Educa\u00e7\u00e3o B\u00e1sica Poncho Verde<\/a>\n        <\/div>\n            \n                \n                    <div class=\"aiovg-count aiovg-text-muted\">\n                <span class=\"aiovg-icon-videos\"><\/span>\n                1 video            <\/div>\n            <\/div>            \t\t\t\n<\/div>\t\t\r\n        <\/div>                        \r\n                    \r\n        <div class=\"aiovg-col aiovg-col-3\">\t\t\r\n            \n<div class=\"aiovg-thumbnail\">\n    <a href=\"https:\/\/www.projetos.unijui.edu.br\/radionaescola\/video-category\/escola-estadual-de-ensino-medio-emil-glitz\/\" class=\"aiovg-responsive-container\" style=\"padding-bottom: 75%;\">\n        <img src=\"https:\/\/www.projetos.unijui.edu.br\/radionaescola\/wp-content\/plugins\/all-in-one-video-gallery\/public\/assets\/images\/placeholder-image.png\" alt=\"Escola Estadual de Ensino M\u00e9dio Emil Glitz\" class=\"aiovg-responsive-element\" \/>\n    <\/a>\n    \n    <div class=\"aiovg-caption\">\n        <div class=\"aiovg-title\">\n            <a href=\"https:\/\/www.projetos.unijui.edu.br\/radionaescola\/video-category\/escola-estadual-de-ensino-medio-emil-glitz\/\" class=\"aiovg-link-title\">Escola Estadual de Ensino M\u00e9dio Emil Glitz<\/a>\n        <\/div>\n            \n                \n                    <div class=\"aiovg-count aiovg-text-muted\">\n                <span class=\"aiovg-icon-videos\"><\/span>\n                1 video            <\/div>\n            <\/div>            \t\t\t\n<\/div>\t\t\r\n        <\/div>                        \r\n        <\/div><div class=\"aiovg-row\">            \r\n        <div class=\"aiovg-col aiovg-col-3\">\t\t\r\n            \n<div class=\"aiovg-thumbnail\">\n    <a href=\"https:\/\/www.projetos.unijui.edu.br\/radionaescola\/video-category\/escola-municipal-fundamental-15-de-novembro\/\" class=\"aiovg-responsive-container\" style=\"padding-bottom: 75%;\">\n        <img src=\"https:\/\/www.projetos.unijui.edu.br\/radionaescola\/wp-content\/plugins\/all-in-one-video-gallery\/public\/assets\/images\/placeholder-image.png\" alt=\"Escola Municipal Fundamental 15 de Novembro\" class=\"aiovg-responsive-element\" \/>\n    <\/a>\n    \n    <div class=\"aiovg-caption\">\n        <div class=\"aiovg-title\">\n            <a href=\"https:\/\/www.projetos.unijui.edu.br\/radionaescola\/video-category\/escola-municipal-fundamental-15-de-novembro\/\" class=\"aiovg-link-title\">Escola Municipal Fundamental 15 de Novembro<\/a>\n        <\/div>\n            \n                \n                    <div class=\"aiovg-count aiovg-text-muted\">\n                <span class=\"aiovg-icon-videos\"><\/span>\n                2 videos            <\/div>\n            <\/div>            \t\t\t\n<\/div>\t\t\r\n        <\/div>                        \r\n                    \r\n        <div class=\"aiovg-col aiovg-col-3\">\t\t\r\n            \n<div class=\"aiovg-thumbnail\">\n    <a href=\"https:\/\/www.projetos.unijui.edu.br\/radionaescola\/video-category\/imeab\/\" class=\"aiovg-responsive-container\" style=\"padding-bottom: 75%;\">\n        <img src=\"https:\/\/www.projetos.unijui.edu.br\/radionaescola\/wp-content\/uploads\/2018\/11\/imeab.jpg\" alt=\"IMEAB\" class=\"aiovg-responsive-element\" \/>\n    <\/a>\n    \n    <div class=\"aiovg-caption\">\n        <div class=\"aiovg-title\">\n            <a href=\"https:\/\/www.projetos.unijui.edu.br\/radionaescola\/video-category\/imeab\/\" class=\"aiovg-link-title\">IMEAB<\/a>\n        <\/div>\n            \n                \n                    <div class=\"aiovg-count aiovg-text-muted\">\n                <span class=\"aiovg-icon-videos\"><\/span>\n                1 video            <\/div>\n            <\/div>            \t\t\t\n<\/div>\t\t\r\n        <\/div>                        \r\n                    \r\n        <div class=\"aiovg-col aiovg-col-3\">\t\t\r\n            \n<div class=\"aiovg-thumbnail\">\n    <a href=\"https:\/\/www.projetos.unijui.edu.br\/radionaescola\/video-category\/joao-goulart\/\" class=\"aiovg-responsive-container\" style=\"padding-bottom: 75%;\">\n        <img src=\"https:\/\/www.projetos.unijui.edu.br\/radionaescola\/wp-content\/plugins\/all-in-one-video-gallery\/public\/assets\/images\/placeholder-image.png\" alt=\"Jo\u00e3o Goulart\" class=\"aiovg-responsive-element\" \/>\n    <\/a>\n    \n    <div class=\"aiovg-caption\">\n        <div class=\"aiovg-title\">\n            <a href=\"https:\/\/www.projetos.unijui.edu.br\/radionaescola\/video-category\/joao-goulart\/\" class=\"aiovg-link-title\">Jo\u00e3o Goulart<\/a>\n        <\/div>\n            \n                \n                    <div class=\"aiovg-count aiovg-text-muted\">\n                <span class=\"aiovg-icon-videos\"><\/span>\n                1 video            <\/div>\n            <\/div>            \t\t\t\n<\/div>\t\t\r\n        <\/div>                        \r\n        <\/div><div class=\"aiovg-row\">            \r\n        <div class=\"aiovg-col aiovg-col-3\">\t\t\r\n            \n<div class=\"aiovg-thumbnail\">\n    <a href=\"https:\/\/www.projetos.unijui.edu.br\/radionaescola\/video-category\/jose-lange\/\" class=\"aiovg-responsive-container\" style=\"padding-bottom: 75%;\">\n        <img src=\"https:\/\/www.projetos.unijui.edu.br\/radionaescola\/wp-content\/uploads\/2018\/11\/jose-lange.jpg\" alt=\"Jos\u00e9 Lange\" class=\"aiovg-responsive-element\" \/>\n    <\/a>\n    \n    <div class=\"aiovg-caption\">\n        <div class=\"aiovg-title\">\n            <a href=\"https:\/\/www.projetos.unijui.edu.br\/radionaescola\/video-category\/jose-lange\/\" class=\"aiovg-link-title\">Jos\u00e9 Lange<\/a>\n        <\/div>\n            \n                \n                    <div class=\"aiovg-count aiovg-text-muted\">\n                <span class=\"aiovg-icon-videos\"><\/span>\n                2 videos            <\/div>\n            <\/div>            \t\t\t\n<\/div>\t\t\r\n        <\/div>                        \r\n                    \r\n        <div class=\"aiovg-col aiovg-col-3\">\t\t\r\n            \n<div class=\"aiovg-thumbnail\">\n    <a href=\"https:\/\/www.projetos.unijui.edu.br\/radionaescola\/video-category\/nossa-sra-de-fatima\/\" class=\"aiovg-responsive-container\" style=\"padding-bottom: 75%;\">\n        <img src=\"https:\/\/www.projetos.unijui.edu.br\/radionaescola\/wp-content\/plugins\/all-in-one-video-gallery\/public\/assets\/images\/placeholder-image.png\" alt=\"Nossa Sra. De F\u00e1tima\" class=\"aiovg-responsive-element\" \/>\n    <\/a>\n    \n    <div class=\"aiovg-caption\">\n        <div class=\"aiovg-title\">\n            <a href=\"https:\/\/www.projetos.unijui.edu.br\/radionaescola\/video-category\/nossa-sra-de-fatima\/\" class=\"aiovg-link-title\">Nossa Sra. De F\u00e1tima<\/a>\n        <\/div>\n            \n                \n                    <div class=\"aiovg-count aiovg-text-muted\">\n                <span class=\"aiovg-icon-videos\"><\/span>\n                1 video            <\/div>\n            <\/div>            \t\t\t\n<\/div>\t\t\r\n        <\/div>                        \r\n                    \r\n        <div class=\"aiovg-col aiovg-col-3\">\t\t\r\n            \n<div class=\"aiovg-thumbnail\">\n    <a href=\"https:\/\/www.projetos.unijui.edu.br\/radionaescola\/video-category\/ruizinho\/\" class=\"aiovg-responsive-container\" style=\"padding-bottom: 75%;\">\n        <img src=\"https:\/\/www.projetos.unijui.edu.br\/radionaescola\/wp-content\/plugins\/all-in-one-video-gallery\/public\/assets\/images\/placeholder-image.png\" alt=\"Ruizinho\" class=\"aiovg-responsive-element\" \/>\n    <\/a>\n    \n    <div class=\"aiovg-caption\">\n        <div class=\"aiovg-title\">\n            <a href=\"https:\/\/www.projetos.unijui.edu.br\/radionaescola\/video-category\/ruizinho\/\" class=\"aiovg-link-title\">Ruizinho<\/a>\n        <\/div>\n            \n                \n                    <div class=\"aiovg-count aiovg-text-muted\">\n                <span class=\"aiovg-icon-videos\"><\/span>\n                1 video            <\/div>\n            <\/div>            \t\t\t\n<\/div>\t\t\r\n        <\/div>                        \r\n        <\/div><div class=\"aiovg-row\">            \r\n        <div class=\"aiovg-col aiovg-col-3\">\t\t\r\n            \n<div class=\"aiovg-thumbnail\">\n    <a href=\"https:\/\/www.projetos.unijui.edu.br\/radionaescola\/video-category\/tome-de-souza\/\" class=\"aiovg-responsive-container\" style=\"padding-bottom: 75%;\">\n        <img src=\"https:\/\/www.projetos.unijui.edu.br\/radionaescola\/wp-content\/uploads\/2018\/11\/Logo-Tom\u00e9.jpg\" alt=\"Tom\u00e9 de Souza\" class=\"aiovg-responsive-element\" \/>\n    <\/a>\n    \n    <div class=\"aiovg-caption\">\n        <div class=\"aiovg-title\">\n            <a href=\"https:\/\/www.projetos.unijui.edu.br\/radionaescola\/video-category\/tome-de-souza\/\" class=\"aiovg-link-title\">Tom\u00e9 de Souza<\/a>\n        <\/div>\n            \n                \n                    <div class=\"aiovg-count aiovg-text-muted\">\n                <span class=\"aiovg-icon-videos\"><\/span>\n                2 videos            <\/div>\n            <\/div>            \t\t\t\n<\/div>\t\t\r\n        <\/div>                        \r\n        <\/div><\/div>\n","protected":false},"excerpt":{"rendered":"","protected":false},"author":5,"featured_media":0,"parent":0,"menu_order":0,"comment_status":"closed","ping_status":"closed","template":"","meta":[],"_links":{"self":[{"href":"https:\/\/www.projetos.unijui.edu.br\/radionaescola\/wp-json\/wp\/v2\/pages\/213"}],"collection":[{"href":"https:\/\/www.projetos.unijui.edu.br\/radionaescola\/wp-json\/wp\/v2\/pages"}],"about":[{"href":"https:\/\/www.projetos.unijui.edu.br\/radionaescola\/wp-json\/wp\/v2\/types\/page"}],"author":[{"embeddable":true,"href":"https:\/\/www.projetos.unijui.edu.br\/radionaescola\/wp-json\/wp\/v2\/users\/5"}],"replies":[{"embeddable":true,"href":"https:\/\/www.projetos.unijui.edu.br\/radionaescola\/wp-json\/wp\/v2\/comments?post=213"}],"version-history":[{"count":6,"href":"https:\/\/www.projetos.unijui.edu.br\/radionaescola\/wp-json\/wp\/v2\/pages\/213\/revisions"}],"predecessor-version":[{"id":272,"href":"https:\/\/www.projetos.unijui.edu.br\/radionaescola\/wp-json\/wp\/v2\/pages\/213\/revisions\/272"}],"wp:attachment":[{"href":"https:\/\/www.projetos.unijui.edu.br\/radionaescola\/wp-json\/wp\/v2\/media?parent=213"}],"curies":[{"name":"wp","href":"https:\/\/api.w.org\/{rel}","templated":true}]}}